{"id":718,"date":"2020-06-03T13:08:51","date_gmt":"2020-06-03T11:08:51","guid":{"rendered":"https:\/\/boccalattetarantola.com\/?page_id=718"},"modified":"2020-06-03T16:24:37","modified_gmt":"2020-06-03T14:24:37","slug":"cookie-policy","status":"publish","type":"page","link":"https:\/\/boccalattetarantola.com\/index.php\/cookie-policy\/","title":{"rendered":"Cookie Policy"},"content":{"rendered":"\t\t<div data-elementor-type=\"wp-page\" data-elementor-id=\"718\" class=\"elementor elementor-718\">\n\t\t\t\t\t\t<section class=\"elementor-section elementor-top-section elementor-element elementor-element-21f88ad9 elementor-section-boxed elementor-section-height-default elementor-section-height-default\" data-id=\"21f88ad9\" data-element_type=\"section\" data-e-type=\"section\" data-settings=\"{&quot;background_background&quot;:&quot;gradient&quot;}\">\n\t\t\t\t\t\t<div class=\"elementor-container elementor-column-gap-default\">\n\t\t\t\t\t<div class=\"elementor-column elementor-col-100 elementor-top-column elementor-element elementor-element-7fcd7df5\" data-id=\"7fcd7df5\" data-element_type=\"column\" data-e-type=\"column\">\n\t\t\t<div class=\"elementor-widget-wrap elementor-element-populated\">\n\t\t\t\t\t\t<div class=\"elementor-element elementor-element-724e9e3 elementor-widget elementor-widget-text-editor\" data-id=\"724e9e3\" data-element_type=\"widget\" data-e-type=\"widget\" data-widget_type=\"text-editor.default\">\n\t\t\t\t<div class=\"elementor-widget-container\">\n\t\t\t\t\t\t\t\t\t<h2>Sulla politica per Cookies<\/h2>\n<h4>Questa Policy per i Cookies spiega cosa sono cookies e come sono usati dallo Studio Legale Associato Boccalatte-Tarantola.\u00c8 necessario leggere questa politica per comprendere quali sono i cookie, come li utilizziamo, i tipi di cookie che utilizziamo, ovvero le informazioni che raccogliamo utilizzando i cookie e come tali informazioni vengono utilizzate e come controllare le preferenze dei cookie. Per ulteriori informazioni su come utilizziamo, archiviamo e proteggiamo i tuoi dati personali, consulta la nostra Informativa sulla privacy.Puoi in qualsiasi momento modificare o revocare il tuo consenso dalla Dichiarazione sui cookie sul nostro sito Web.Scopri di pi\u00f9 su chi siamo, come puoi contattarci e come trattiamo i dati personali nella nostra Informativa sulla privacy.Il tuo consenso si applica ai seguenti domini:&nbsp; boccalattetarantola.com<\/h4>\n<h2>Che cosa sono i Cookies ?<\/h2>\n<h4>I cookie sono piccoli file di testo che vengono utilizzati per memorizzare piccole informazioni. I cookie vengono memorizzati sul tuo dispositivo quando il sito web viene caricato sul tuo browser. Questi cookie ci aiutano a far funzionare correttamente il sito Web, a renderlo pi\u00f9 sicuro, a fornire un&#8217;esperienza utente migliore e a capire come si comporta il sito Web e analizzare ci\u00f2 che funziona e dove deve essere migliorato.<\/h4>\n<h2>Come usiamo i Cookies ?<\/h2>\n<h4>Come la maggior parte dei servizi online, il nostro sito Web utilizza i cookie proprietari e di terze parti per vari scopi. I cookie proprietari sono principalmente necessari per il corretto funzionamento del sito Web e non raccolgono dati identificativi dell&#8217;utente.I cookie di terze parti utilizzati sul nostro sito Web vengono utilizzati principalmente per comprendere le prestazioni del sito Web, come interagisci con il nostro sito Web, mantenendo i nostri servizi sicuri, fornendo annunci pubblicitari pertinenti per te e tutto sommato fornendoti un servizio migliore e migliorato esperienza utente e contribuire ad accelerare le interazioni future con il nostro sito Web.<\/h4>\n<h2>Quali tipi di Cookies usiamo ?<\/h2>\n<h4>Ci sono due principali tipi di cookie: i cookie di sessione e i cookies permanenti. I cookie di sessione vengono eliminati dal computer automaticamente quando l\u2019utente chiude il browser, mentre i cookie permanenti restano memorizzati sul computer dell\u2019utente a meno che non siano eliminati o raggiungano la loro data di scadenza.<\/h4>\n<h4>I cookies dal sito dello Studio Legale Associato Boccalatte-Tarantola sono i seguenti:<\/h4>\n<ul>\n<li>\n<h4>Session cookie \u2013 I cookie di sessione archiviano e recuperano valori per un determinato utente. Le informazioni sono archiviate lato server e solo l\u2019ID univoco contenuto nel cookie viene condiviso tra l\u2019utente e il server. Le informazioni memorizzate sul server restano in memoria fino alla scadenza della sessione. Il cookie stesso non contiene dati personali.<\/h4>\n<\/li>\n<li>\n<h4>Analytics cookie &#8211; Gli Analytics cookie sono assimilati ai cookie tecnici e sono utilizzati per raccogliere informazioni, in forma aggregata, sul numero degli utenti e su come questi visitano il sito stesso.<\/h4>\n<\/li>\n<\/ul>\n<h4>Inoltre il sito fa uso di cookie di funzionalit\u00e0, che permettono all&#8217;utente la navigazione in funzione di una serie di criteri al fine di migliorare il servizio reso allo stesso.<\/h4>\n<h2>Google Analytics<\/h2>\n<h4>Il nostro utilizza cookie di terze parti, in particolare quelli correlati al servizio di statistica Google Analytics. Ulteriori informazioni sull\u2019utilizzo dei dati da parte di Google sono disponibili all&#8217;indirizzo <span style=\"color: #ffff00;\"><a style=\"color: #ffff00;\" href=\"https:\/\/www.google.com\/policies\/privacy\/partners\/\" target=\"_blank\" rel=\"noopener\">www.google.com\/policies\/privacy\/partners<\/a><\/span>. Il Titolare utilizza Google Analytics che impiega cookie e tecnologie simili per raccogliere e analizzare informazioni sull&#8217;utilizzo dei Servizi e per segnalare attivit\u00e0 e tendenze. Questo servizio potrebbe inoltre raccogliere informazioni circa l&#8217;utilizzo di altri siti Web, app e risorse online. \u00c8 possibile conoscere le pratiche di Google visitando il sito <span style=\"color: #ffff00;\"><a style=\"color: #ffff00;\" href=\"http:\/\/www.google.com\/policies\/privacy\/partners\/\" target=\"_blank\" rel=\"noopener\">www.google.com\/policies\/privacy\/partners<\/a><\/span> e rinunciare a tali pratiche scaricando il componente aggiuntivo del browser per la rinuncia di Google Analytics, disponibile alla pagina Web <span style=\"color: #ffff00;\"><a style=\"color: #ffff00;\" href=\"https:\/\/tools.google.com\/dlpage\/gaoptout\" target=\"_blank\" rel=\"noopener\">tools.google.com\/dlpage\/gaoptout<\/a><\/span>.<\/h4>\n<h2>Google Maps<\/h2>\n<h4>Google Maps utilizza cookie per offrire all&#8217;utente tutte le sue funzionalit\u00e0<\/h4>\n<h4>Per maggiori informazioni, consultare la pagina <span style=\"color: #ffff00;\"><a style=\"color: #ffff00;\" href=\"http:\/\/www.google.com\/policies\/technologies\/cookies\/\" target=\"_blank\" rel=\"noopener\">www.google.com\/policies\/technologies\/cookies<\/a><\/span><\/h4>\n<h2>Come posso modificare le mie preferenze per i Cookies ?<\/h2>\n<h4>Se si decide di modificare le preferenze in un secondo momento durante la sessione di navigazione, si puo\u2019 fare clic sulla scheda &#8220;Informativa sulla privacy e sui cookie&#8221; sullo schermo. Ci\u00f2 visualizzer\u00e0 nuovamente l&#8217;avviso di consenso che consentir\u00e0 di modificare le preferenze o revocare completamente il consenso. Inoltre, diversi browser offrono metodi diversi per bloccare ed eliminare i cookie utilizzati dai siti Web. \u00c8 possibile modificare le impostazioni del browser per bloccare\/eliminare i cookie. Per saperne di pi\u00f9 su come gestire ed eliminare i cookie, visitare:<\/h4>\n<h4><a href=\"http:\/\/it.wikipedia.org\/wiki\/Cookie\" target=\"_blank\" rel=\"noopener\"><span style=\"color: #ffff00;\">it.wikipedia.org\/wiki\/Cookie<\/span><\/a><br><span style=\"color: #ffff00;\"><a style=\"color: #ffff00;\" href=\"http:\/\/www.aboutcookies.org\/\" target=\"_blank\" rel=\"noopener\">www.aboutcookies.org<\/a><\/span><\/h4>\n<h2>Come disabilitare i cookies<\/h2>\n<h4>Nel caso si volesse bloccare i cookie ricordiamo che questo potrebbe avere un impatto negativo sull\u2019usabilit\u00e0 di alcuni siti web.<\/h4>\n<h4>La maggior parte dei browser permette di rifiutare\/accettare i cookie. Di seguito riportiamo alcune informazioni pratiche per disabilitare i cookie sul browser che si sta utilizzando:<\/h4>\n<h4><span style=\"color: #ffff00;\"><a style=\"color: #ffff00;\" href=\"https:\/\/support.google.com\/chrome\/answer\/95647?hl=it\" target=\"_blank\" rel=\"noopener\">Google Chrome<\/a><br><\/span><a href=\"https:\/\/support.mozilla.org\/it\/kb\/Attivare%20e%20disattivare%20i%20cookie\" target=\"_blank\" rel=\"noopener\" style=\"font-size: 24px; color: rgb(255, 255, 0);\">Mozilla Firefox<\/a><br><a href=\"http:\/\/windows.microsoft.com\/it-it\/internet-explorer\/delete-manage-cookies#ie=ie-11\" target=\"_blank\" rel=\"noopener\" style=\"font-family: &quot;Poiret One&quot;; font-size: 24px; font-weight: normal; color: rgb(255, 255, 0);\">Internet Explorer<\/a><br><a href=\"https:\/\/support.apple.com\/it-it\/HT201265\" target=\"_blank\" rel=\"noopener\" style=\"font-family: &quot;Poiret One&quot;; font-size: 24px; font-weight: normal; color: rgb(255, 255, 0);\">Apple Safari<\/a><br><a href=\"http:\/\/help.opera.com\/Mac\/12.10\/it\/cookies.html\" target=\"_blank\" rel=\"noopener\" style=\"font-family: &quot;Poiret One&quot;; font-size: 24px; font-weight: normal; color: rgb(255, 255, 0);\">Opera<\/a><\/h4>\t\t\t\t\t\t\t\t<\/div>\n\t\t\t\t<\/div>\n\t\t\t\t\t<\/div>\n\t\t<\/div>\n\t\t\t\t\t<\/div>\n\t\t<\/section>\n\t\t\t\t<\/div>\n\t\t","protected":false},"excerpt":{"rendered":"<p>Sulla politica per Cookies Questa Policy per i Cookies spiega cosa sono cookies e come sono usati dallo Studio Legale Associato Boccalatte-Tarantola.\u00c8 necessario leggere questa politica per comprendere quali sono i cookie, come li utilizziamo, i tipi di cookie che utilizziamo, ovvero le informazioni che raccogliamo utilizzando i cookie e come tali informazioni vengono utilizzate [&hellip;]<\/p>\n","protected":false},"author":1,"featured_media":0,"parent":0,"menu_order":0,"comment_status":"closed","ping_status":"closed","template":"elementor_header_footer","meta":{"ocean_post_layout":"","ocean_both_sidebars_style":"","ocean_both_sidebars_content_width":0,"ocean_both_sidebars_sidebars_width":0,"ocean_sidebar":"","ocean_second_sidebar":"","ocean_disable_margins":"enable","ocean_add_body_class":"","ocean_shortcode_before_top_bar":"","ocean_shortcode_after_top_bar":"","ocean_shortcode_before_header":"","ocean_shortcode_after_header":"","ocean_has_shortcode":"","ocean_shortcode_after_title":"","ocean_shortcode_before_footer_widgets":"","ocean_shortcode_after_footer_widgets":"","ocean_shortcode_before_footer_bottom":"","ocean_shortcode_after_footer_bottom":"","ocean_display_top_bar":"default","ocean_display_header":"default","ocean_header_style":"","ocean_center_header_left_menu":"","ocean_custom_header_template":"","ocean_custom_logo":0,"ocean_custom_retina_logo":0,"ocean_custom_logo_max_width":0,"ocean_custom_logo_tablet_max_width":0,"ocean_custom_logo_mobile_max_width":0,"ocean_custom_logo_max_height":0,"ocean_custom_logo_tablet_max_height":0,"ocean_custom_logo_mobile_max_height":0,"ocean_header_custom_menu":"","ocean_menu_typo_font_family":"","ocean_menu_typo_font_subset":"","ocean_menu_typo_font_size":0,"ocean_menu_typo_font_size_tablet":0,"ocean_menu_typo_font_size_mobile":0,"ocean_menu_typo_font_size_unit":"px","ocean_menu_typo_font_weight":"","ocean_menu_typo_font_weight_tablet":"","ocean_menu_typo_font_weight_mobile":"","ocean_menu_typo_transform":"","ocean_menu_typo_transform_tablet":"","ocean_menu_typo_transform_mobile":"","ocean_menu_typo_line_height":0,"ocean_menu_typo_line_height_tablet":0,"ocean_menu_typo_line_height_mobile":0,"ocean_menu_typo_line_height_unit":"","ocean_menu_typo_spacing":0,"ocean_menu_typo_spacing_tablet":0,"ocean_menu_typo_spacing_mobile":0,"ocean_menu_typo_spacing_unit":"","ocean_menu_link_color":"","ocean_menu_link_color_hover":"","ocean_menu_link_color_active":"","ocean_menu_link_background":"","ocean_menu_link_hover_background":"","ocean_menu_link_active_background":"","ocean_menu_social_links_bg":"","ocean_menu_social_hover_links_bg":"","ocean_menu_social_links_color":"","ocean_menu_social_hover_links_color":"","ocean_disable_title":"default","ocean_disable_heading":"default","ocean_post_title":"","ocean_post_subheading":"","ocean_post_title_style":"","ocean_post_title_background_color":"","ocean_post_title_background":0,"ocean_post_title_bg_image_position":"","ocean_post_title_bg_image_attachment":"","ocean_post_title_bg_image_repeat":"","ocean_post_title_bg_image_size":"","ocean_post_title_height":0,"ocean_post_title_bg_overlay":0.5,"ocean_post_title_bg_overlay_color":"","ocean_disable_breadcrumbs":"default","ocean_breadcrumbs_color":"","ocean_breadcrumbs_separator_color":"","ocean_breadcrumbs_links_color":"","ocean_breadcrumbs_links_hover_color":"","ocean_display_footer_widgets":"default","ocean_display_footer_bottom":"default","ocean_custom_footer_template":"","omw_enable_modal_window":"enable","footnotes":""},"class_list":["post-718","page","type-page","status-publish","hentry","entry"],"_links":{"self":[{"href":"https:\/\/boccalattetarantola.com\/index.php\/wp-json\/wp\/v2\/pages\/718","targetHints":{"allow":["GET"]}}],"collection":[{"href":"https:\/\/boccalattetarantola.com\/index.php\/wp-json\/wp\/v2\/pages"}],"about":[{"href":"https:\/\/boccalattetarantola.com\/index.php\/wp-json\/wp\/v2\/types\/page"}],"author":[{"embeddable":true,"href":"https:\/\/boccalattetarantola.com\/index.php\/wp-json\/wp\/v2\/users\/1"}],"replies":[{"embeddable":true,"href":"https:\/\/boccalattetarantola.com\/index.php\/wp-json\/wp\/v2\/comments?post=718"}],"version-history":[{"count":16,"href":"https:\/\/boccalattetarantola.com\/index.php\/wp-json\/wp\/v2\/pages\/718\/revisions"}],"predecessor-version":[{"id":742,"href":"https:\/\/boccalattetarantola.com\/index.php\/wp-json\/wp\/v2\/pages\/718\/revisions\/742"}],"wp:attachment":[{"href":"https:\/\/boccalattetarantola.com\/index.php\/wp-json\/wp\/v2\/media?parent=718"}],"curies":[{"name":"wp","href":"https:\/\/api.w.org\/{rel}","templated":true}]}}