{"id":333,"date":"2020-05-23T12:58:39","date_gmt":"2020-05-23T12:58:39","guid":{"rendered":"https:\/\/boccalattetarantola.com\/?page_id=333"},"modified":"2020-06-03T09:37:53","modified_gmt":"2020-06-03T07:37:53","slug":"drafting-normativo","status":"publish","type":"page","link":"https:\/\/boccalattetarantola.com\/index.php\/drafting-normativo\/","title":{"rendered":"Drafting normativo"},"content":{"rendered":"\t\t<div data-elementor-type=\"wp-page\" data-elementor-id=\"333\" class=\"elementor elementor-333\">\n\t\t\t\t\t\t<section class=\"elementor-section elementor-top-section elementor-element elementor-element-b00b83f elementor-section-full_width elementor-section-height-default elementor-section-height-default\" data-id=\"b00b83f\" data-element_type=\"section\" data-e-type=\"section\">\n\t\t\t\t\t\t\t<div class=\"elementor-background-overlay\"><\/div>\n\t\t\t\t\t\t\t<div class=\"elementor-container elementor-column-gap-default\">\n\t\t\t\t\t<div class=\"elementor-column elementor-col-100 elementor-top-column elementor-element elementor-element-eea72ce\" data-id=\"eea72ce\" data-element_type=\"column\" data-e-type=\"column\">\n\t\t\t<div class=\"elementor-widget-wrap elementor-element-populated\">\n\t\t\t\t\t\t<section class=\"elementor-section elementor-inner-section elementor-element elementor-element-0f3962a elementor-section-full_width elementor-section-height-default elementor-section-height-default\" data-id=\"0f3962a\" data-element_type=\"section\" data-e-type=\"section\">\n\t\t\t\t\t\t<div class=\"elementor-container elementor-column-gap-default\">\n\t\t\t\t\t<div class=\"elementor-column elementor-col-33 elementor-inner-column elementor-element elementor-element-82f7a4c\" data-id=\"82f7a4c\" data-element_type=\"column\" data-e-type=\"column\">\n\t\t\t<div class=\"elementor-widget-wrap\">\n\t\t\t\t\t\t\t<\/div>\n\t\t<\/div>\n\t\t\t\t<div class=\"elementor-column elementor-col-33 elementor-inner-column elementor-element elementor-element-9f39642\" data-id=\"9f39642\" data-element_type=\"column\" data-e-type=\"column\">\n\t\t\t<div class=\"elementor-widget-wrap elementor-element-populated\">\n\t\t\t\t\t\t<div class=\"elementor-element elementor-element-5af5148 elementor-widget elementor-widget-spacer\" data-id=\"5af5148\" data-element_type=\"widget\" data-e-type=\"widget\" data-widget_type=\"spacer.default\">\n\t\t\t\t<div class=\"elementor-widget-container\">\n\t\t\t\t\t\t\t<div class=\"elementor-spacer\">\n\t\t\t<div class=\"elementor-spacer-inner\"><\/div>\n\t\t<\/div>\n\t\t\t\t\t\t<\/div>\n\t\t\t\t<\/div>\n\t\t\t\t<div class=\"elementor-element elementor-element-d03b982 elementor-widget elementor-widget-heading\" data-id=\"d03b982\" data-element_type=\"widget\" data-e-type=\"widget\" data-widget_type=\"heading.default\">\n\t\t\t\t<div class=\"elementor-widget-container\">\n\t\t\t\t\t<h2 class=\"elementor-heading-title elementor-size-default\">Drafting normativo<\/h2>\t\t\t\t<\/div>\n\t\t\t\t<\/div>\n\t\t\t\t<div class=\"elementor-element elementor-element-43ce579 elementor-widget elementor-widget-spacer\" data-id=\"43ce579\" data-element_type=\"widget\" data-e-type=\"widget\" data-widget_type=\"spacer.default\">\n\t\t\t\t<div class=\"elementor-widget-container\">\n\t\t\t\t\t\t\t<div class=\"elementor-spacer\">\n\t\t\t<div class=\"elementor-spacer-inner\"><\/div>\n\t\t<\/div>\n\t\t\t\t\t\t<\/div>\n\t\t\t\t<\/div>\n\t\t\t\t<div class=\"elementor-element elementor-element-b2f00c4 elementor-widget elementor-widget-text-editor\" data-id=\"b2f00c4\" data-element_type=\"widget\" data-e-type=\"widget\" data-widget_type=\"text-editor.default\">\n\t\t\t\t<div class=\"elementor-widget-container\">\n\t\t\t\t\t\t\t\t\t<h4>La corretta scrittura dei testi normativi di ogni tipo \u00e8 da tutti considerata essenziale per lo sviluppo della societ\u00e0 moderna e, purtroppo, \u00e8 spesso molto trascurata in Italia.<\/h4>\n<h4>Grazie ad un particolare approfondimento scientifico e accademico sul punto e ad un\u2019esperienza ultradecennale, assistiamo imprese e associazioni di categoria predisponendo soluzioni normative in grado di rappresentare i rispettivi interessi in modo corretto e trasparente.<\/h4>\n<h4>Redigiamo bozze e strumenti tali da essere proposti nel dibattito pubblico.<\/h4>\n<h4>Elaboriamo studi sulla regolamentazione di settori economici e giuridici.<\/h4>\n<h4>Forniamo assistenza tecnico-normativa agli uffici legislativi di partiti politici.<\/h4>\t\t\t\t\t\t\t\t<\/div>\n\t\t\t\t<\/div>\n\t\t\t\t<div class=\"elementor-element elementor-element-af083a8 elementor-widget elementor-widget-heading\" data-id=\"af083a8\" data-element_type=\"widget\" data-e-type=\"widget\" data-widget_type=\"heading.default\">\n\t\t\t\t<div class=\"elementor-widget-container\">\n\t\t\t\t\t<h3 class=\"elementor-heading-title elementor-size-default\">Pubblicazioni<\/h3>\t\t\t\t<\/div>\n\t\t\t\t<\/div>\n\t\t\t\t<div class=\"elementor-element elementor-element-869e7ad elementor-icon-list--layout-traditional elementor-list-item-link-full_width elementor-widget elementor-widget-icon-list\" data-id=\"869e7ad\" data-element_type=\"widget\" data-e-type=\"widget\" data-widget_type=\"icon-list.default\">\n\t\t\t\t<div class=\"elementor-widget-container\">\n\t\t\t\t\t\t\t<ul class=\"elementor-icon-list-items\">\n\t\t\t\t\t\t\t<li class=\"elementor-icon-list-item\">\n\t\t\t\t\t\t\t\t\t\t\t<a href=\"http:\/\/www.brunoleonimedia.it\/public\/Papers\/IBL_SR-Semplificazione.pdf\" target=\"_blank\">\n\n\t\t\t\t\t\t\t\t\t\t\t\t<span class=\"elementor-icon-list-icon\">\n\t\t\t\t\t\t\t<i aria-hidden=\"true\" class=\"fas fa-book-open\"><\/i>\t\t\t\t\t\t<\/span>\n\t\t\t\t\t\t\t\t\t\t<span class=\"elementor-icon-list-text\">\u201cLa semplificazione. Un problema (prima) di metodo e (poi) di merito\u201d, IBL Special Report, in www.brunoleoni.it, pp. 1-35<\/span>\n\t\t\t\t\t\t\t\t\t\t\t<\/a>\n\t\t\t\t\t\t\t\t\t<\/li>\n\t\t\t\t\t\t\t\t<li class=\"elementor-icon-list-item\">\n\t\t\t\t\t\t\t\t\t\t\t<a href=\"https:\/\/www.osservatoriosullefonti.it\/mobile-saggi\/fascicoli\/fasc-2-2009\/282-1-silvio-boccalatte-giovanni-piccirilli\/file\" target=\"_blank\">\n\n\t\t\t\t\t\t\t\t\t\t\t\t<span class=\"elementor-icon-list-icon\">\n\t\t\t\t\t\t\t<i aria-hidden=\"true\" class=\"fas fa-book-open\"><\/i>\t\t\t\t\t\t<\/span>\n\t\t\t\t\t\t\t\t\t\t<span class=\"elementor-icon-list-text\">\"La funzione legislativa tra Governo e Parlamento dopo la riforma costituzionale francese del 2008\" [insieme con il Prof. Giovanni Piccirilli], in www.osservatoriosullefonti.it, fasc. 2, 2009, pp. 1-17<\/span>\n\t\t\t\t\t\t\t\t\t\t\t<\/a>\n\t\t\t\t\t\t\t\t\t<\/li>\n\t\t\t\t\t\t\t\t<li class=\"elementor-icon-list-item\">\n\t\t\t\t\t\t\t\t\t\t\t<a href=\"http:\/\/www.brunoleonimedia.it\/public\/BP\/IBL_BP_67_Province.pdf\" target=\"_blank\">\n\n\t\t\t\t\t\t\t\t\t\t\t\t<span class=\"elementor-icon-list-icon\">\n\t\t\t\t\t\t\t<i aria-hidden=\"true\" class=\"fas fa-book-open\"><\/i>\t\t\t\t\t\t<\/span>\n\t\t\t\t\t\t\t\t\t\t<span class=\"elementor-icon-list-text\">\"Il primo passo verso il federalismo? Abolire le province\", IBL Briefing Paper n. 67, in www.brunoleoni.it, 2009, pp. 1-8<\/span>\n\t\t\t\t\t\t\t\t\t\t\t<\/a>\n\t\t\t\t\t\t\t\t\t<\/li>\n\t\t\t\t\t\t\t\t<li class=\"elementor-icon-list-item\">\n\t\t\t\t\t\t\t\t\t\t\t<a href=\"https:\/\/www.federalismi.it\/ApplOpenFilePDF.cfm?artid=11905&#038;dpath=document&#038;dfile=27012009145833.pdf&#038;content=La%2Bnuova%2Blegge%2Btoscana%2Bsulla%2Bqualit%C3%A0%2Bdella%2Bnormazione%3A%2Bosservazioni%2Ba%2Bprima%2Blettura%2Bsulle%2Bdisposizioni%2Bin%2Bmateria%2Bdi%2Bmotivazione%2Bdella%2Blegge%2B%2D%2Bdottrina%2B%2D%2Bdottrina%2B%2D%2B\" target=\"_blank\">\n\n\t\t\t\t\t\t\t\t\t\t\t\t<span class=\"elementor-icon-list-icon\">\n\t\t\t\t\t\t\t<i aria-hidden=\"true\" class=\"fas fa-book-open\"><\/i>\t\t\t\t\t\t<\/span>\n\t\t\t\t\t\t\t\t\t\t<span class=\"elementor-icon-list-text\">\"La nuova legge toscana sulla qualit\u00e0 della normazione: osservazioni a prima lettura sulle disposizioni in materia di motivazione della legge\", in www.federalismi.it, 27\/1\/2009, pp. 1-21<\/span>\n\t\t\t\t\t\t\t\t\t\t\t<\/a>\n\t\t\t\t\t\t\t\t\t<\/li>\n\t\t\t\t\t\t\t\t<li class=\"elementor-icon-list-item\">\n\t\t\t\t\t\t\t\t\t\t\t<a href=\"http:\/\/www.brunoleonimedia.it\/public\/BP\/IBL_BP_59_Federalismo.pdf\" target=\"_blank\">\n\n\t\t\t\t\t\t\t\t\t\t\t\t<span class=\"elementor-icon-list-icon\">\n\t\t\t\t\t\t\t<i aria-hidden=\"true\" class=\"fas fa-book-open\"><\/i>\t\t\t\t\t\t<\/span>\n\t\t\t\t\t\t\t\t\t\t<span class=\"elementor-icon-list-text\">\"Un\u2019idea (quasi)federalista a \u201ccosto zero\u201d.  La determinazione esplicita dei 'principi fondamentali' nella competenza legislativa concorrente\", IBL Briefing Paper n. 59, in www.brunoleoni.it, 2008, pp. 1-10<\/span>\n\t\t\t\t\t\t\t\t\t\t\t<\/a>\n\t\t\t\t\t\t\t\t\t<\/li>\n\t\t\t\t\t\t\t\t<li class=\"elementor-icon-list-item\">\n\t\t\t\t\t\t\t\t\t\t\t<a href=\"https:\/\/www.federalismi.it\/ApplOpenFilePDF.cfm?artid=8348&#038;dpath=document&#038;dfile=10092007080002.pdf&#038;content=Tra%2Bnorma%2Be%2Brealt%C3%A0%3A%2Briflessioni%2Bsulla%2Bmotivazione%2Bdel%2Bdecreto%2Dlegge%2Balla%2Bluce%2Bdella%2Bsentenza%2Bn%2E%2B171%2F2007%2B%2D%2Bstato%2B%2D%2Bdottrina%2B%2D%2B\" target=\"_blank\">\n\n\t\t\t\t\t\t\t\t\t\t\t\t<span class=\"elementor-icon-list-icon\">\n\t\t\t\t\t\t\t<i aria-hidden=\"true\" class=\"fas fa-book-open\"><\/i>\t\t\t\t\t\t<\/span>\n\t\t\t\t\t\t\t\t\t\t<span class=\"elementor-icon-list-text\">\u201cTra norma e realt\u00e0: riflessioni sulla motivazione del decreto-legge alla luce della sentenza n. 171\/2007\u201d, in www.federalismi.it, 5\/9\/2007, pp. 1-28<\/span>\n\t\t\t\t\t\t\t\t\t\t\t<\/a>\n\t\t\t\t\t\t\t\t\t<\/li>\n\t\t\t\t\t\t<\/ul>\n\t\t\t\t\t\t<\/div>\n\t\t\t\t<\/div>\n\t\t\t\t\t<\/div>\n\t\t<\/div>\n\t\t\t\t<div class=\"elementor-column elementor-col-33 elementor-inner-column elementor-element elementor-element-caad2e7\" data-id=\"caad2e7\" data-element_type=\"column\" data-e-type=\"column\" data-settings=\"{&quot;background_background&quot;:&quot;classic&quot;}\">\n\t\t\t<div class=\"elementor-widget-wrap elementor-element-populated\">\n\t\t\t\t\t<div class=\"elementor-background-overlay\"><\/div>\n\t\t\t\t\t\t<div class=\"elementor-element elementor-element-282bf6a elementor-widget elementor-widget-image\" data-id=\"282bf6a\" data-element_type=\"widget\" data-e-type=\"widget\" data-widget_type=\"image.default\">\n\t\t\t\t<div class=\"elementor-widget-container\">\n\t\t\t\t\t\t\t\t\t\t\t\t\t\t\t<img fetchpriority=\"high\" decoding=\"async\" width=\"1667\" height=\"2500\" src=\"https:\/\/boccalattetarantola.com\/wp-content\/uploads\/2020\/05\/P_drafting-normativo-2500.jpg\" class=\"attachment-full size-full wp-image-335\" alt=\"\" srcset=\"https:\/\/boccalattetarantola.com\/wp-content\/uploads\/2020\/05\/P_drafting-normativo-2500.jpg 1667w, https:\/\/boccalattetarantola.com\/wp-content\/uploads\/2020\/05\/P_drafting-normativo-2500-200x300.jpg 200w, https:\/\/boccalattetarantola.com\/wp-content\/uploads\/2020\/05\/P_drafting-normativo-2500-683x1024.jpg 683w, https:\/\/boccalattetarantola.com\/wp-content\/uploads\/2020\/05\/P_drafting-normativo-2500-768x1152.jpg 768w, https:\/\/boccalattetarantola.com\/wp-content\/uploads\/2020\/05\/P_drafting-normativo-2500-1024x1536.jpg 1024w, https:\/\/boccalattetarantola.com\/wp-content\/uploads\/2020\/05\/P_drafting-normativo-2500-1366x2048.jpg 1366w\" sizes=\"(max-width: 1667px) 100vw, 1667px\" \/>\t\t\t\t\t\t\t\t\t\t\t\t\t\t\t<\/div>\n\t\t\t\t<\/div>\n\t\t\t\t\t<\/div>\n\t\t<\/div>\n\t\t\t\t\t<\/div>\n\t\t<\/section>\n\t\t\t\t\t<\/div>\n\t\t<\/div>\n\t\t\t\t\t<\/div>\n\t\t<\/section>\n\t\t\t\t<\/div>\n\t\t","protected":false},"excerpt":{"rendered":"<p>Drafting normativo La corretta scrittura dei testi normativi di ogni tipo \u00e8 da tutti considerata essenziale per lo sviluppo della societ\u00e0 moderna e, purtroppo, \u00e8 spesso molto trascurata in Italia. Grazie ad un particolare approfondimento scientifico e accademico sul punto e ad un\u2019esperienza ultradecennale, assistiamo imprese e associazioni di categoria predisponendo soluzioni normative in grado [&hellip;]<\/p>\n","protected":false},"author":1,"featured_media":0,"parent":0,"menu_order":0,"comment_status":"closed","ping_status":"closed","template":"elementor_header_footer","meta":{"ocean_post_layout":"","ocean_both_sidebars_style":"","ocean_both_sidebars_content_width":0,"ocean_both_sidebars_sidebars_width":0,"ocean_sidebar":"","ocean_second_sidebar":"","ocean_disable_margins":"enable","ocean_add_body_class":"","ocean_shortcode_before_top_bar":"","ocean_shortcode_after_top_bar":"","ocean_shortcode_before_header":"","ocean_shortcode_after_header":"","ocean_has_shortcode":"","ocean_shortcode_after_title":"","ocean_shortcode_before_footer_widgets":"","ocean_shortcode_after_footer_widgets":"","ocean_shortcode_before_footer_bottom":"","ocean_shortcode_after_footer_bottom":"","ocean_display_top_bar":"default","ocean_display_header":"default","ocean_header_style":"","ocean_center_header_left_menu":"","ocean_custom_header_template":"","ocean_custom_logo":0,"ocean_custom_retina_logo":0,"ocean_custom_logo_max_width":0,"ocean_custom_logo_tablet_max_width":0,"ocean_custom_logo_mobile_max_width":0,"ocean_custom_logo_max_height":0,"ocean_custom_logo_tablet_max_height":0,"ocean_custom_logo_mobile_max_height":0,"ocean_header_custom_menu":"","ocean_menu_typo_font_family":"","ocean_menu_typo_font_subset":"","ocean_menu_typo_font_size":0,"ocean_menu_typo_font_size_tablet":0,"ocean_menu_typo_font_size_mobile":0,"ocean_menu_typo_font_size_unit":"px","ocean_menu_typo_font_weight":"","ocean_menu_typo_font_weight_tablet":"","ocean_menu_typo_font_weight_mobile":"","ocean_menu_typo_transform":"","ocean_menu_typo_transform_tablet":"","ocean_menu_typo_transform_mobile":"","ocean_menu_typo_line_height":0,"ocean_menu_typo_line_height_tablet":0,"ocean_menu_typo_line_height_mobile":0,"ocean_menu_typo_line_height_unit":"","ocean_menu_typo_spacing":0,"ocean_menu_typo_spacing_tablet":0,"ocean_menu_typo_spacing_mobile":0,"ocean_menu_typo_spacing_unit":"","ocean_menu_link_color":"","ocean_menu_link_color_hover":"","ocean_menu_link_color_active":"","ocean_menu_link_background":"","ocean_menu_link_hover_background":"","ocean_menu_link_active_background":"","ocean_menu_social_links_bg":"","ocean_menu_social_hover_links_bg":"","ocean_menu_social_links_color":"","ocean_menu_social_hover_links_color":"","ocean_disable_title":"default","ocean_disable_heading":"default","ocean_post_title":"","ocean_post_subheading":"","ocean_post_title_style":"","ocean_post_title_background_color":"","ocean_post_title_background":0,"ocean_post_title_bg_image_position":"","ocean_post_title_bg_image_attachment":"","ocean_post_title_bg_image_repeat":"","ocean_post_title_bg_image_size":"","ocean_post_title_height":0,"ocean_post_title_bg_overlay":0.5,"ocean_post_title_bg_overlay_color":"","ocean_disable_breadcrumbs":"default","ocean_breadcrumbs_color":"","ocean_breadcrumbs_separator_color":"","ocean_breadcrumbs_links_color":"","ocean_breadcrumbs_links_hover_color":"","ocean_display_footer_widgets":"default","ocean_display_footer_bottom":"default","ocean_custom_footer_template":"","omw_enable_modal_window":"enable","footnotes":""},"class_list":["post-333","page","type-page","status-publish","hentry","entry"],"_links":{"self":[{"href":"https:\/\/boccalattetarantola.com\/index.php\/wp-json\/wp\/v2\/pages\/333","targetHints":{"allow":["GET"]}}],"collection":[{"href":"https:\/\/boccalattetarantola.com\/index.php\/wp-json\/wp\/v2\/pages"}],"about":[{"href":"https:\/\/boccalattetarantola.com\/index.php\/wp-json\/wp\/v2\/types\/page"}],"author":[{"embeddable":true,"href":"https:\/\/boccalattetarantola.com\/index.php\/wp-json\/wp\/v2\/users\/1"}],"replies":[{"embeddable":true,"href":"https:\/\/boccalattetarantola.com\/index.php\/wp-json\/wp\/v2\/comments?post=333"}],"version-history":[{"count":11,"href":"https:\/\/boccalattetarantola.com\/index.php\/wp-json\/wp\/v2\/pages\/333\/revisions"}],"predecessor-version":[{"id":692,"href":"https:\/\/boccalattetarantola.com\/index.php\/wp-json\/wp\/v2\/pages\/333\/revisions\/692"}],"wp:attachment":[{"href":"https:\/\/boccalattetarantola.com\/index.php\/wp-json\/wp\/v2\/media?parent=333"}],"curies":[{"name":"wp","href":"https:\/\/api.w.org\/{rel}","templated":true}]}}